{"id":26633,"date":"2021-12-03T12:44:09","date_gmt":"2021-12-03T12:44:09","guid":{"rendered":"https:\/\/kidslox.com\/how-to\/"},"modified":"2023-03-21T10:00:38","modified_gmt":"2023-03-21T10:00:38","slug":"how-to","status":"publish","type":"page","link":"https:\/\/kidslox.com\/pt-pt\/how-to\/","title":{"rendered":"Como orientar os par\u00e2metros comuns de controlo parental"},"content":{"rendered":"","protected":false},"excerpt":{"rendered":"","protected":false},"author":1,"featured_media":25399,"parent":0,"menu_order":0,"comment_status":"closed","ping_status":"closed","template":"template-how-to.php","meta":{"_acf_changed":false,"inline_featured_image":false,"footnotes":""},"class_list":["post-26633","page","type-page","status-publish","has-post-thumbnail","hentry"],"acf":[],"yoast_head":"<!-- This site is optimized with the Yoast SEO plugin v26.7 - https:\/\/yoast.com\/wordpress\/plugins\/seo\/ -->\n<title>Kidslox | Como utilizar defini\u00e7\u00f5es comuns de controlo parental<\/title>\n<meta name=\"description\" content=\"Muitos servi\u00e7os incluem alguns controlos parentais integrados, deixe-nos mostrar-lhe como utiliz\u00e1-los para obter os melhores resultados para os seus filhos\" \/>\n<meta name=\"robots\" content=\"index, follow, max-snippet:-1, max-image-preview:large, max-video-preview:-1\" \/>\n<link rel=\"canonical\" href=\"https:\/\/kidslox.com\/pt-pt\/how-to\/\" \/>\n<meta property=\"og:locale\" content=\"pt_PT\" \/>\n<meta property=\"og:type\" content=\"article\" \/>\n<meta property=\"og:title\" content=\"Kidslox | Como utilizar defini\u00e7\u00f5es comuns de controlo parental\" \/>\n<meta property=\"og:description\" content=\"Muitos servi\u00e7os incluem alguns controlos parentais integrados, deixe-nos mostrar-lhe como utiliz\u00e1-los para obter os melhores resultados para os seus filhos\" \/>\n<meta property=\"og:url\" content=\"https:\/\/kidslox.com\/pt-pt\/how-to\/\" \/>\n<meta property=\"og:site_name\" content=\"Kidslox\" \/>\n<meta property=\"article:publisher\" content=\"https:\/\/www.facebook.com\/kidslox\" \/>\n<meta property=\"article:modified_time\" content=\"2023-03-21T10:00:38+00:00\" \/>\n<meta property=\"og:image\" content=\"https:\/\/kidslox.com\/wp-content\/uploads\/2021\/12\/kidslox-share-min.jpg\" \/>\n\t<meta property=\"og:image:width\" content=\"1000\" \/>\n\t<meta property=\"og:image:height\" content=\"500\" \/>\n\t<meta property=\"og:image:type\" content=\"image\/jpeg\" \/>\n<meta name=\"twitter:card\" content=\"summary_large_image\" \/>\n<meta name=\"twitter:site\" content=\"@kidslox\" \/>\n<script type=\"application\/ld+json\" class=\"yoast-schema-graph\">{\"@context\":\"https:\/\/schema.org\",\"@graph\":[{\"@type\":\"Article\",\"@id\":\"https:\/\/kidslox.com\/pt-pt\/how-to\/#article\",\"isPartOf\":{\"@id\":\"https:\/\/kidslox.com\/pt-pt\/how-to\/\"},\"author\":{\"name\":\"Administrator\",\"@id\":\"https:\/\/kidslox.com\/pt-pt\/#\/schema\/person\/f8c0dc0e1b168732e637f0c50c6ad6ba\"},\"headline\":\"Como orientar os par\u00e2metros comuns de controlo parental\",\"datePublished\":\"2021-12-03T12:44:09+00:00\",\"dateModified\":\"2023-03-21T10:00:38+00:00\",\"mainEntityOfPage\":{\"@id\":\"https:\/\/kidslox.com\/pt-pt\/how-to\/\"},\"wordCount\":9,\"publisher\":{\"@id\":\"https:\/\/kidslox.com\/pt-pt\/#organization\"},\"image\":{\"@id\":\"https:\/\/kidslox.com\/pt-pt\/how-to\/#primaryimage\"},\"thumbnailUrl\":\"https:\/\/kidslox.com\/wp-content\/uploads\/2021\/12\/kidslox-share-min.jpg\",\"inLanguage\":\"pt-PT\"},{\"@type\":\"WebPage\",\"@id\":\"https:\/\/kidslox.com\/pt-pt\/how-to\/\",\"url\":\"https:\/\/kidslox.com\/pt-pt\/how-to\/\",\"name\":\"Kidslox | Como utilizar defini\u00e7\u00f5es comuns de controlo parental\",\"isPartOf\":{\"@id\":\"https:\/\/kidslox.com\/pt-pt\/#website\"},\"primaryImageOfPage\":{\"@id\":\"https:\/\/kidslox.com\/pt-pt\/how-to\/#primaryimage\"},\"image\":{\"@id\":\"https:\/\/kidslox.com\/pt-pt\/how-to\/#primaryimage\"},\"thumbnailUrl\":\"https:\/\/kidslox.com\/wp-content\/uploads\/2021\/12\/kidslox-share-min.jpg\",\"datePublished\":\"2021-12-03T12:44:09+00:00\",\"dateModified\":\"2023-03-21T10:00:38+00:00\",\"description\":\"Muitos servi\u00e7os incluem alguns controlos parentais integrados, deixe-nos mostrar-lhe como utiliz\u00e1-los para obter os melhores resultados para os seus filhos\",\"breadcrumb\":{\"@id\":\"https:\/\/kidslox.com\/pt-pt\/how-to\/#breadcrumb\"},\"inLanguage\":\"pt-PT\",\"potentialAction\":[{\"@type\":\"ReadAction\",\"target\":[\"https:\/\/kidslox.com\/pt-pt\/how-to\/\"]}]},{\"@type\":\"ImageObject\",\"inLanguage\":\"pt-PT\",\"@id\":\"https:\/\/kidslox.com\/pt-pt\/how-to\/#primaryimage\",\"url\":\"https:\/\/kidslox.com\/wp-content\/uploads\/2021\/12\/kidslox-share-min.jpg\",\"contentUrl\":\"https:\/\/kidslox.com\/wp-content\/uploads\/2021\/12\/kidslox-share-min.jpg\",\"width\":1000,\"height\":500},{\"@type\":\"BreadcrumbList\",\"@id\":\"https:\/\/kidslox.com\/pt-pt\/how-to\/#breadcrumb\",\"itemListElement\":[{\"@type\":\"ListItem\",\"position\":1,\"name\":\"Home\",\"item\":\"https:\/\/kidslox.com\"},{\"@type\":\"ListItem\",\"position\":2,\"name\":\"Como orientar os par\u00e2metros comuns de controlo parental\"}]},{\"@type\":\"WebSite\",\"@id\":\"https:\/\/kidslox.com\/pt-pt\/#website\",\"url\":\"https:\/\/kidslox.com\/pt-pt\/\",\"name\":\"Kidslox\",\"description\":\"Parental control app for iPhone and Android. Join millions of parents using the best parental control apps for iPhone parental control, Android &amp; more\",\"publisher\":{\"@id\":\"https:\/\/kidslox.com\/pt-pt\/#organization\"},\"potentialAction\":[{\"@type\":\"SearchAction\",\"target\":{\"@type\":\"EntryPoint\",\"urlTemplate\":\"https:\/\/kidslox.com\/pt-pt\/?s={search_term_string}\"},\"query-input\":{\"@type\":\"PropertyValueSpecification\",\"valueRequired\":true,\"valueName\":\"search_term_string\"}}],\"inLanguage\":\"pt-PT\"},{\"@type\":\"Organization\",\"@id\":\"https:\/\/kidslox.com\/pt-pt\/#organization\",\"name\":\"Kidslox, Inc.\",\"url\":\"https:\/\/kidslox.com\/pt-pt\/\",\"logo\":{\"@type\":\"ImageObject\",\"inLanguage\":\"pt-PT\",\"@id\":\"https:\/\/kidslox.com\/pt-pt\/#\/schema\/logo\/image\/\",\"url\":\"https:\/\/kidslox.com\/wp-content\/uploads\/2021\/11\/kidslox-logo.png\",\"contentUrl\":\"https:\/\/kidslox.com\/wp-content\/uploads\/2021\/11\/kidslox-logo.png\",\"width\":150,\"height\":28,\"caption\":\"Kidslox, Inc.\"},\"image\":{\"@id\":\"https:\/\/kidslox.com\/pt-pt\/#\/schema\/logo\/image\/\"},\"sameAs\":[\"https:\/\/www.facebook.com\/kidslox\",\"https:\/\/x.com\/kidslox\",\"https:\/\/www.instagram.com\/kidslox\/\",\"https:\/\/www.linkedin.com\/company\/kidslox\",\"https:\/\/www.youtube.com\/channel\/UCPOp4Py6LY9GdJyIvd1Z2Vw\"]},{\"@type\":\"Person\",\"@id\":\"https:\/\/kidslox.com\/pt-pt\/#\/schema\/person\/f8c0dc0e1b168732e637f0c50c6ad6ba\",\"name\":\"Administrator\",\"image\":{\"@type\":\"ImageObject\",\"inLanguage\":\"pt-PT\",\"@id\":\"https:\/\/kidslox.com\/pt-pt\/#\/schema\/person\/image\/\",\"url\":\"https:\/\/kidslox.com\/wp-content\/uploads\/2021\/12\/App-icon-96x96.png\",\"contentUrl\":\"https:\/\/kidslox.com\/wp-content\/uploads\/2021\/12\/App-icon-96x96.png\",\"caption\":\"Administrator\"},\"sameAs\":[\"http:\/\/kidslox.com\"]}]}<\/script>\n<!-- \/ Yoast SEO plugin. -->","yoast_head_json":{"title":"Kidslox | Como utilizar defini\u00e7\u00f5es comuns de controlo parental","description":"Muitos servi\u00e7os incluem alguns controlos parentais integrados, deixe-nos mostrar-lhe como utiliz\u00e1-los para obter os melhores resultados para os seus filhos","robots":{"index":"index","follow":"follow","max-snippet":"max-snippet:-1","max-image-preview":"max-image-preview:large","max-video-preview":"max-video-preview:-1"},"canonical":"https:\/\/kidslox.com\/pt-pt\/how-to\/","og_locale":"pt_PT","og_type":"article","og_title":"Kidslox | Como utilizar defini\u00e7\u00f5es comuns de controlo parental","og_description":"Muitos servi\u00e7os incluem alguns controlos parentais integrados, deixe-nos mostrar-lhe como utiliz\u00e1-los para obter os melhores resultados para os seus filhos","og_url":"https:\/\/kidslox.com\/pt-pt\/how-to\/","og_site_name":"Kidslox","article_publisher":"https:\/\/www.facebook.com\/kidslox","article_modified_time":"2023-03-21T10:00:38+00:00","og_image":[{"width":1000,"height":500,"url":"https:\/\/kidslox.com\/wp-content\/uploads\/2021\/12\/kidslox-share-min.jpg","type":"image\/jpeg"}],"twitter_card":"summary_large_image","twitter_site":"@kidslox","schema":{"@context":"https:\/\/schema.org","@graph":[{"@type":"Article","@id":"https:\/\/kidslox.com\/pt-pt\/how-to\/#article","isPartOf":{"@id":"https:\/\/kidslox.com\/pt-pt\/how-to\/"},"author":{"name":"Administrator","@id":"https:\/\/kidslox.com\/pt-pt\/#\/schema\/person\/f8c0dc0e1b168732e637f0c50c6ad6ba"},"headline":"Como orientar os par\u00e2metros comuns de controlo parental","datePublished":"2021-12-03T12:44:09+00:00","dateModified":"2023-03-21T10:00:38+00:00","mainEntityOfPage":{"@id":"https:\/\/kidslox.com\/pt-pt\/how-to\/"},"wordCount":9,"publisher":{"@id":"https:\/\/kidslox.com\/pt-pt\/#organization"},"image":{"@id":"https:\/\/kidslox.com\/pt-pt\/how-to\/#primaryimage"},"thumbnailUrl":"https:\/\/kidslox.com\/wp-content\/uploads\/2021\/12\/kidslox-share-min.jpg","inLanguage":"pt-PT"},{"@type":"WebPage","@id":"https:\/\/kidslox.com\/pt-pt\/how-to\/","url":"https:\/\/kidslox.com\/pt-pt\/how-to\/","name":"Kidslox | Como utilizar defini\u00e7\u00f5es comuns de controlo parental","isPartOf":{"@id":"https:\/\/kidslox.com\/pt-pt\/#website"},"primaryImageOfPage":{"@id":"https:\/\/kidslox.com\/pt-pt\/how-to\/#primaryimage"},"image":{"@id":"https:\/\/kidslox.com\/pt-pt\/how-to\/#primaryimage"},"thumbnailUrl":"https:\/\/kidslox.com\/wp-content\/uploads\/2021\/12\/kidslox-share-min.jpg","datePublished":"2021-12-03T12:44:09+00:00","dateModified":"2023-03-21T10:00:38+00:00","description":"Muitos servi\u00e7os incluem alguns controlos parentais integrados, deixe-nos mostrar-lhe como utiliz\u00e1-los para obter os melhores resultados para os seus filhos","breadcrumb":{"@id":"https:\/\/kidslox.com\/pt-pt\/how-to\/#breadcrumb"},"inLanguage":"pt-PT","potentialAction":[{"@type":"ReadAction","target":["https:\/\/kidslox.com\/pt-pt\/how-to\/"]}]},{"@type":"ImageObject","inLanguage":"pt-PT","@id":"https:\/\/kidslox.com\/pt-pt\/how-to\/#primaryimage","url":"https:\/\/kidslox.com\/wp-content\/uploads\/2021\/12\/kidslox-share-min.jpg","contentUrl":"https:\/\/kidslox.com\/wp-content\/uploads\/2021\/12\/kidslox-share-min.jpg","width":1000,"height":500},{"@type":"BreadcrumbList","@id":"https:\/\/kidslox.com\/pt-pt\/how-to\/#breadcrumb","itemListElement":[{"@type":"ListItem","position":1,"name":"Home","item":"https:\/\/kidslox.com"},{"@type":"ListItem","position":2,"name":"Como orientar os par\u00e2metros comuns de controlo parental"}]},{"@type":"WebSite","@id":"https:\/\/kidslox.com\/pt-pt\/#website","url":"https:\/\/kidslox.com\/pt-pt\/","name":"Kidslox","description":"Parental control app for iPhone and Android. Join millions of parents using the best parental control apps for iPhone parental control, Android &amp; more","publisher":{"@id":"https:\/\/kidslox.com\/pt-pt\/#organization"},"potentialAction":[{"@type":"SearchAction","target":{"@type":"EntryPoint","urlTemplate":"https:\/\/kidslox.com\/pt-pt\/?s={search_term_string}"},"query-input":{"@type":"PropertyValueSpecification","valueRequired":true,"valueName":"search_term_string"}}],"inLanguage":"pt-PT"},{"@type":"Organization","@id":"https:\/\/kidslox.com\/pt-pt\/#organization","name":"Kidslox, Inc.","url":"https:\/\/kidslox.com\/pt-pt\/","logo":{"@type":"ImageObject","inLanguage":"pt-PT","@id":"https:\/\/kidslox.com\/pt-pt\/#\/schema\/logo\/image\/","url":"https:\/\/kidslox.com\/wp-content\/uploads\/2021\/11\/kidslox-logo.png","contentUrl":"https:\/\/kidslox.com\/wp-content\/uploads\/2021\/11\/kidslox-logo.png","width":150,"height":28,"caption":"Kidslox, Inc."},"image":{"@id":"https:\/\/kidslox.com\/pt-pt\/#\/schema\/logo\/image\/"},"sameAs":["https:\/\/www.facebook.com\/kidslox","https:\/\/x.com\/kidslox","https:\/\/www.instagram.com\/kidslox\/","https:\/\/www.linkedin.com\/company\/kidslox","https:\/\/www.youtube.com\/channel\/UCPOp4Py6LY9GdJyIvd1Z2Vw"]},{"@type":"Person","@id":"https:\/\/kidslox.com\/pt-pt\/#\/schema\/person\/f8c0dc0e1b168732e637f0c50c6ad6ba","name":"Administrator","image":{"@type":"ImageObject","inLanguage":"pt-PT","@id":"https:\/\/kidslox.com\/pt-pt\/#\/schema\/person\/image\/","url":"https:\/\/kidslox.com\/wp-content\/uploads\/2021\/12\/App-icon-96x96.png","contentUrl":"https:\/\/kidslox.com\/wp-content\/uploads\/2021\/12\/App-icon-96x96.png","caption":"Administrator"},"sameAs":["http:\/\/kidslox.com"]}]}},"_links":{"self":[{"href":"https:\/\/kidslox.com\/pt-pt\/wp-json\/wp\/v2\/pages\/26633","targetHints":{"allow":["GET"]}}],"collection":[{"href":"https:\/\/kidslox.com\/pt-pt\/wp-json\/wp\/v2\/pages"}],"about":[{"href":"https:\/\/kidslox.com\/pt-pt\/wp-json\/wp\/v2\/types\/page"}],"author":[{"embeddable":true,"href":"https:\/\/kidslox.com\/pt-pt\/wp-json\/wp\/v2\/users\/1"}],"replies":[{"embeddable":true,"href":"https:\/\/kidslox.com\/pt-pt\/wp-json\/wp\/v2\/comments?post=26633"}],"version-history":[{"count":1,"href":"https:\/\/kidslox.com\/pt-pt\/wp-json\/wp\/v2\/pages\/26633\/revisions"}],"predecessor-version":[{"id":39853,"href":"https:\/\/kidslox.com\/pt-pt\/wp-json\/wp\/v2\/pages\/26633\/revisions\/39853"}],"wp:featuredmedia":[{"embeddable":true,"href":"https:\/\/kidslox.com\/pt-pt\/wp-json\/wp\/v2\/media\/25399"}],"wp:attachment":[{"href":"https:\/\/kidslox.com\/pt-pt\/wp-json\/wp\/v2\/media?parent=26633"}],"curies":[{"name":"wp","href":"https:\/\/api.w.org\/{rel}","templated":true}]}}